{"id":652,"date":"2020-01-27T16:53:46","date_gmt":"2020-01-27T15:53:46","guid":{"rendered":"https:\/\/www.cielarbreavache.com\/contact\/"},"modified":"2020-02-11T08:24:06","modified_gmt":"2020-02-11T07:24:06","slug":"contact","status":"publish","type":"page","link":"https:\/\/www.cielarbreavache.com\/en\/contact\/","title":{"rendered":"Contact"},"content":{"rendered":"<p>[vc_row][vc_column width=&#8221;1\/1&#8243;][vc_empty_space empty_h=&#8221;2&#8243;][\/vc_column][\/vc_row][vc_row unlock_row=&#8221;&#8221; row_height_percent=&#8221;0&#8243; back_color=&#8221;color-xsdn&#8221; overlay_alpha=&#8221;50&#8243; gutter_size=&#8221;3&#8243; column_width_percent=&#8221;100&#8243; shift_y=&#8221;0&#8243; z_index=&#8221;0&#8243;][vc_column width=&#8221;1\/1&#8243;][vc_row_inner row_inner_height_percent=&#8221;0&#8243; overlay_alpha=&#8221;50&#8243; gutter_size=&#8221;3&#8243; shift_y=&#8221;-3&#8243; shift_y_fixed=&#8221;yes&#8221; z_index=&#8221;0&#8243; el_class=&#8221;titre&#8221;][vc_column_inner column_width_percent=&#8221;100&#8243; align_horizontal=&#8221;align_center&#8221; gutter_size=&#8221;3&#8243; override_padding=&#8221;yes&#8221; column_padding=&#8221;0&#8243; overlay_alpha=&#8221;50&#8243; shift_x=&#8221;0&#8243; shift_y=&#8221;0&#8243; shift_y_down=&#8221;0&#8243; z_index=&#8221;0&#8243; align_medium=&#8221;align_center_tablet&#8221; medium_width=&#8221;0&#8243; align_mobile=&#8221;align_center_mobile&#8221; mobile_width=&#8221;0&#8243; width=&#8221;1\/2&#8243;][vc_custom_heading heading_semantic=&#8221;h1&#8243; text_font=&#8221;font-153068&#8243; text_weight=&#8221;400&#8243; text_color=&#8221;color-jevc&#8221;]<img decoding=\"async\" class=\"size-full wp-image-97 alignleft\" src=\"https:\/\/www.cielarbreavache.com\/wp-content\/uploads\/2018\/06\/taches4.png\" alt=\"arbre \u00e0 vache\" width=\"110\" height=\"84\" \/>\u00a0 Contact-us[\/vc_custom_heading][\/vc_column_inner][vc_column_inner column_width_percent=&#8221;100&#8243; align_horizontal=&#8221;align_center&#8221; gutter_size=&#8221;3&#8243; override_padding=&#8221;yes&#8221; column_padding=&#8221;0&#8243; overlay_alpha=&#8221;50&#8243; shift_x=&#8221;0&#8243; shift_y=&#8221;0&#8243; shift_y_down=&#8221;0&#8243; z_index=&#8221;0&#8243; medium_visibility=&#8221;yes&#8221; medium_width=&#8221;7&#8243; mobile_visibility=&#8221;yes&#8221; mobile_width=&#8221;0&#8243; width=&#8221;1\/2&#8243;][\/vc_column_inner][\/vc_row_inner][vc_column_text css_animation=&#8221;alpha-anim&#8221; animation_speed=&#8221;200&#8243; animation_delay=&#8221;200&#8243; el_class=&#8221;tache tache3&#8243;]<img decoding=\"async\" class=\"alignnone size-medium wp-image-102\" src=\"https:\/\/www.cielarbreavache.com\/wp-content\/uploads\/2018\/06\/taches1-1-300x272.png\" alt=\"spectacles vivants universels\" width=\"300\" height=\"272\" srcset=\"https:\/\/www.cielarbreavache.com\/wp-content\/uploads\/2018\/06\/taches1-1-300x272.png 300w, https:\/\/www.cielarbreavache.com\/wp-content\/uploads\/2018\/06\/taches1-1.png 400w\" sizes=\"(max-width: 300px) 100vw, 300px\" \/>[\/vc_column_text][vc_row_inner row_inner_height_percent=&#8221;0&#8243; overlay_alpha=&#8221;50&#8243; gutter_size=&#8221;3&#8243; shift_y=&#8221;0&#8243; z_index=&#8221;0&#8243;][vc_column_inner width=&#8221;1\/2&#8243;][vc_custom_heading text_font=&#8221;font-206695&#8243; text_size=&#8221;h3&#8243; text_weight=&#8221;400&#8243;]Leave us a message :[\/vc_custom_heading]<noscript class=\"ninja-forms-noscript-message\">\n\tNotice: JavaScript is required for this content.<\/noscript>\n<div id=\"nf-form-2-cont\" class=\"nf-form-cont\" aria-live=\"polite\" aria-labelledby=\"nf-form-title-2\" aria-describedby=\"nf-form-errors-2\" role=\"form\">\n\n    <div class=\"nf-loading-spinner\"><\/div>\n\n<\/div>\n        <!-- That data is being printed as a workaround to page builders reordering the order of the scripts loaded-->\n        <script>var formDisplay=1;var nfForms=nfForms||[];var form=[];form.id='2';form.settings={\"objectType\":\"Form Setting\",\"editActive\":true,\"title\":\"Contact - uk\",\"created_at\":\"2020-01-29 17:25:23\",\"default_label_pos\":\"above\",\"show_title\":\"0\",\"clear_complete\":\"1\",\"hide_complete\":\"0\",\"logged_in\":\"\",\"title_styles_advanced\":\"\",\"title_styles_show_advanced_css\":\"0\",\"title_styles_float\":\"\",\"title_styles_display\":\"\",\"title_styles_padding\":\"\",\"title_styles_width\":\"\",\"title_styles_font-size\":\"\",\"title_styles_margin\":\"\",\"title_styles_height\":\"\",\"title_styles_color\":\"\",\"title_styles_border-color\":\"\",\"title_styles_border-style\":\"\",\"title_styles_border\":\"\",\"title_styles_background-color\":\"\",\"container_styles_advanced\":\"\",\"container_styles_show_advanced_css\":\"0\",\"container_styles_float\":\"\",\"container_styles_display\":\"\",\"container_styles_padding\":\"\",\"container_styles_margin\":\"\",\"container_styles_font-size\":\"\",\"container_styles_width\":\"\",\"container_styles_height\":\"\",\"container_styles_color\":\"\",\"container_styles_border-color\":\"\",\"container_styles_border-style\":\"\",\"container_styles_border\":\"\",\"container_styles_background-color\":\"\",\"formContentData\":[\"last_name_first_name_1580315143661\",\"email\",\"phone_1580315147267\",\"message\",\"i_have_read_and_accept_terms_of_the_privacy_policy_1580315161741\",\"send_1580315171501\"],\"calculations\":[],\"sub_limit_msg\":\"\",\"sub_limit_number\":\"\",\"not_logged_in_msg\":\"\",\"add_submit\":\"1\",\"element_class\":\"\",\"wrapper_class\":\"\",\"conditions\":[],\"key\":\"\",\"row_styles_background-color\":\"\",\"row_styles_border\":\"\",\"row_styles_border-style\":\"\",\"row_styles_border-color\":\"\",\"row_styles_color\":\"\",\"row_styles_height\":\"\",\"row_styles_width\":\"\",\"row_styles_font-size\":\"\",\"row_styles_margin\":\"\",\"row_styles_padding\":\"\",\"row_styles_display\":\"\",\"row_styles_show_advanced_css\":\"0\",\"row_styles_advanced\":\"\",\"row-odd_styles_background-color\":\"\",\"row-odd_styles_border\":\"\",\"row-odd_styles_border-style\":\"\",\"row-odd_styles_border-color\":\"\",\"row-odd_styles_color\":\"\",\"row-odd_styles_height\":\"\",\"row-odd_styles_width\":\"\",\"row-odd_styles_font-size\":\"\",\"row-odd_styles_margin\":\"\",\"row-odd_styles_padding\":\"\",\"row-odd_styles_display\":\"\",\"row-odd_styles_show_advanced_css\":\"0\",\"row-odd_styles_advanced\":\"\",\"success-msg_styles_background-color\":\"\",\"success-msg_styles_border\":\"\",\"success-msg_styles_border-style\":\"\",\"success-msg_styles_border-color\":\"\",\"success-msg_styles_color\":\"\",\"success-msg_styles_height\":\"\",\"success-msg_styles_width\":\"\",\"success-msg_styles_font-size\":\"\",\"success-msg_styles_margin\":\"\",\"success-msg_styles_padding\":\"\",\"success-msg_styles_display\":\"\",\"success-msg_styles_show_advanced_css\":\"0\",\"success-msg_styles_advanced\":\"\",\"error_msg_styles_background-color\":\"\",\"error_msg_styles_border\":\"\",\"error_msg_styles_border-style\":\"\",\"error_msg_styles_border-color\":\"\",\"error_msg_styles_color\":\"\",\"error_msg_styles_height\":\"\",\"error_msg_styles_width\":\"\",\"error_msg_styles_font-size\":\"\",\"error_msg_styles_margin\":\"\",\"error_msg_styles_padding\":\"\",\"error_msg_styles_display\":\"\",\"error_msg_styles_show_advanced_css\":\"0\",\"error_msg_styles_advanced\":\"\",\"changeEmailErrorMsg\":\"Please enter a valid email address!\",\"changeDateErrorMsg\":\"Please enter a valid date!\",\"confirmFieldErrorMsg\":\"These fields must match!\",\"fieldNumberNumMinError\":\"Number Min Error\",\"fieldNumberNumMaxError\":\"Number Max Error\",\"fieldNumberIncrementBy\":\"Please increment by \",\"formErrorsCorrectErrors\":\"Please correct errors before submitting this form.\",\"validateRequiredField\":\"This is a required field.\",\"honeypotHoneypotError\":\"Honeypot Error\",\"fieldsMarkedRequired\":\"* required field\",\"currency\":\"\",\"unique_field_error\":\"A form with this value has already been submitted.\",\"drawerDisabled\":false,\"allow_public_link\":0,\"embed_form\":\"\",\"ninjaForms\":\"Ninja Forms\",\"fieldTextareaRTEInsertLink\":\"Insert Link\",\"fieldTextareaRTEInsertMedia\":\"Insert Media\",\"fieldTextareaRTESelectAFile\":\"Select a file\",\"formHoneypot\":\"If you are a human seeing this field, please leave it empty.\",\"fileUploadOldCodeFileUploadInProgress\":\"File Upload in Progress.\",\"fileUploadOldCodeFileUpload\":\"FILE UPLOAD\",\"currencySymbol\":false,\"thousands_sep\":\",\",\"decimal_point\":\".\",\"siteLocale\":\"en_US\",\"dateFormat\":\"m\\\/d\\\/Y\",\"startOfWeek\":\"1\",\"of\":\"of\",\"previousMonth\":\"Previous Month\",\"nextMonth\":\"Next Month\",\"months\":[\"January\",\"February\",\"March\",\"April\",\"May\",\"June\",\"July\",\"August\",\"September\",\"October\",\"November\",\"December\"],\"monthsShort\":[\"Jan\",\"Feb\",\"Mar\",\"Apr\",\"May\",\"Jun\",\"Jul\",\"Aug\",\"Sep\",\"Oct\",\"Nov\",\"Dec\"],\"weekdays\":[\"Sunday\",\"Monday\",\"Tuesday\",\"Wednesday\",\"Thursday\",\"Friday\",\"Saturday\"],\"weekdaysShort\":[\"Sun\",\"Mon\",\"Tue\",\"Wed\",\"Thu\",\"Fri\",\"Sat\"],\"weekdaysMin\":[\"Su\",\"Mo\",\"Tu\",\"We\",\"Th\",\"Fr\",\"Sa\"],\"recaptchaConsentMissing\":\"reCaptcha validation couldn&#039;t load.\",\"recaptchaMissingCookie\":\"reCaptcha v3 validation couldn&#039;t load the cookie needed to submit the form.\",\"recaptchaConsentEvent\":\"Accept reCaptcha cookies before sending the form.\",\"currency_symbol\":\"\",\"beforeForm\":\"\",\"beforeFields\":\"\",\"afterFields\":\"\",\"afterForm\":\"\"};form.fields=[{\"objectType\":\"Field\",\"objectDomain\":\"fields\",\"editActive\":false,\"order\":1,\"label\":\"Last name\\\/first name\",\"key\":\"last_name_first_name_1580315143661\",\"type\":\"textbox\",\"created_at\":\"2018-06-22 22:29:27\",\"label_pos\":\"above\",\"required\":1,\"input_limit_type\":\"characters\",\"input_limit_msg\":\"Character(s) left\",\"wrap_styles_show_advanced_css\":0,\"label_styles_show_advanced_css\":0,\"element_styles_show_advanced_css\":0,\"cellcid\":\"c3277\",\"field_label\":\"Nom \\\/ Pr\\u00e9nom\",\"field_key\":\"nom_prenom_1529700493573\",\"default\":\"\",\"placeholder\":\"\",\"container_class\":\"\",\"element_class\":\"\",\"input_limit\":\"\",\"manual_key\":false,\"admin_label\":\"\",\"help_text\":\"\",\"mask\":\"\",\"custom_mask\":\"\",\"custom_name_attribute\":\"\",\"personally_identifiable\":\"\",\"value\":\"\",\"id\":7,\"beforeField\":\"\",\"afterField\":\"\",\"parentType\":\"textbox\",\"element_templates\":[\"textbox\",\"input\"],\"old_classname\":\"\",\"wrap_template\":\"wrap\"},{\"objectType\":\"Field\",\"objectDomain\":\"fields\",\"editActive\":false,\"order\":2,\"label\":\"Email\",\"key\":\"email\",\"type\":\"email\",\"created_at\":\"2018-06-22 22:29:27\",\"label_pos\":\"above\",\"required\":1,\"wrap_styles_show_advanced_css\":0,\"label_styles_show_advanced_css\":0,\"element_styles_show_advanced_css\":0,\"cellcid\":\"c3281\",\"custom_name_attribute\":\"email\",\"personally_identifiable\":1,\"field_label\":\"Email\",\"field_key\":\"email\",\"default\":\"\",\"placeholder\":\"\",\"container_class\":\"\",\"element_class\":\"\",\"admin_label\":\"\",\"help_text\":\"\",\"value\":\"\",\"id\":8,\"beforeField\":\"\",\"afterField\":\"\",\"parentType\":\"email\",\"element_templates\":[\"email\",\"input\"],\"old_classname\":\"\",\"wrap_template\":\"wrap\"},{\"objectType\":\"Field\",\"objectDomain\":\"fields\",\"editActive\":false,\"order\":3,\"drawerDisabled\":\"\",\"personally_identifiable\":1,\"custom_name_attribute\":\"phone\",\"manual_key\":\"\",\"input_limit_msg\":\"Caract\\u00e8res restants\",\"input_limit_type\":\"characters\",\"required\":1,\"label_pos\":\"above\",\"key\":\"phone_1580315147267\",\"label\":\"Phone\",\"type\":\"phone\",\"field_label\":\"T\\u00e9l\\u00e9phone\",\"field_key\":\"telephone_1529700526841\",\"default\":\"\",\"placeholder\":\"\",\"container_class\":\"\",\"element_class\":\"\",\"input_limit\":\"\",\"admin_label\":\"\",\"help_text\":\"\",\"mask\":\"\",\"custom_mask\":\"\",\"value\":\"\",\"id\":11,\"beforeField\":\"\",\"afterField\":\"\",\"parentType\":\"textbox\",\"element_templates\":[\"tel\",\"textbox\",\"input\"],\"old_classname\":\"\",\"wrap_template\":\"wrap\"},{\"objectType\":\"Field\",\"objectDomain\":\"fields\",\"editActive\":false,\"order\":4,\"cellcid\":\"c3284\",\"element_styles_show_advanced_css\":0,\"label_styles_show_advanced_css\":0,\"wrap_styles_show_advanced_css\":0,\"input_limit_msg\":\"Character(s) left\",\"input_limit_type\":\"characters\",\"required\":1,\"label_pos\":\"above\",\"created_at\":\"2018-06-22 22:29:27\",\"type\":\"textarea\",\"key\":\"message\",\"label\":\"Message\",\"field_label\":\"Message\",\"field_key\":\"message\",\"default\":\"\",\"placeholder\":\"\",\"container_class\":\"\",\"element_class\":\"\",\"input_limit\":\"\",\"manual_key\":false,\"admin_label\":\"\",\"help_text\":\"\",\"textarea_rte\":\"\",\"disable_rte_mobile\":\"\",\"textarea_media\":\"\",\"value\":\"\",\"id\":9,\"beforeField\":\"\",\"afterField\":\"\",\"parentType\":\"textarea\",\"element_templates\":[\"textarea\",\"input\"],\"old_classname\":\"\",\"wrap_template\":\"wrap\"},{\"objectType\":\"Field\",\"objectDomain\":\"fields\",\"editActive\":false,\"order\":5,\"drawerDisabled\":\"\",\"unchecked_value\":\"D\\u00e9coch\\u00e9\",\"checked_value\":\"Coch\\u00e9\",\"default_value\":\"unchecked\",\"manual_key\":\"\",\"required\":1,\"label_pos\":\"right\",\"key\":\"i_have_read_and_accept_terms_of_the_privacy_policy_1580315161741\",\"label\":\"I have read and accept terms of the privacy policy\",\"type\":\"checkbox\",\"field_label\":\"J'ai lu et j'accepte la politique de confidentialit\\u00e9 du site.\",\"field_key\":\"j_ai_lu_et_j_accepte_la_politique_de_confidentialite_du_site_1529700680493\",\"container_class\":\"\",\"element_class\":\"\",\"admin_label\":\"\",\"help_text\":\"\",\"checked_calc_value\":\"\",\"unchecked_calc_value\":\"\",\"id\":12,\"beforeField\":\"\",\"afterField\":\"\",\"value\":\"\",\"parentType\":\"checkbox\",\"element_templates\":[\"checkbox\",\"input\"],\"old_classname\":\"\",\"wrap_template\":\"wrap\"},{\"objectType\":\"Field\",\"objectDomain\":\"fields\",\"editActive\":false,\"order\":6,\"drawerDisabled\":false,\"cellcid\":\"c3287\",\"submit_element_hover_styles_show_advanced_css\":0,\"element_styles_show_advanced_css\":0,\"label_styles_show_advanced_css\":0,\"wrap_styles_show_advanced_css\":0,\"processing_label\":\"In progress...\",\"created_at\":\"2018-06-22 22:29:27\",\"type\":\"submit\",\"key\":\"send_1580315171501\",\"label\":\"Send\",\"field_label\":\"Envoyer\",\"field_key\":\"envoyer_1529700506870\",\"container_class\":\"\",\"element_class\":\"\",\"id\":10,\"beforeField\":\"\",\"afterField\":\"\",\"value\":\"\",\"label_pos\":\"above\",\"parentType\":\"textbox\",\"element_templates\":[\"submit\",\"button\",\"input\"],\"old_classname\":\"\",\"wrap_template\":\"wrap-no-label\"}];nfForms.push(form);<\/script>\n        [\/vc_column_inner][vc_column_inner column_width_percent=&#8221;100&#8243; gutter_size=&#8221;3&#8243; back_color=&#8221;color-wayh&#8221; overlay_alpha=&#8221;50&#8243; shift_x=&#8221;0&#8243; shift_y=&#8221;0&#8243; shift_y_down=&#8221;0&#8243; z_index=&#8221;0&#8243; medium_width=&#8221;0&#8243; mobile_width=&#8221;0&#8243; width=&#8221;1\/2&#8243;][uncode_block id=&#8221;277&#8243; inside_column=&#8221;yes&#8221;][\/vc_column_inner][\/vc_row_inner][\/vc_column][\/vc_row][vc_row][vc_column width=&#8221;1\/1&#8243;][vc_empty_space empty_h=&#8221;2&#8243;][\/vc_column][\/vc_row][vc_row unlock_row=&#8221;&#8221; row_height_percent=&#8221;0&#8243; back_color=&#8221;color-xsdn&#8221; overlay_alpha=&#8221;50&#8243; gutter_size=&#8221;3&#8243; column_width_percent=&#8221;100&#8243; shift_y=&#8221;0&#8243; z_index=&#8221;0&#8243;][vc_column width=&#8221;1\/1&#8243;][vc_row_inner row_inner_height_percent=&#8221;0&#8243; overlay_alpha=&#8221;50&#8243; gutter_size=&#8221;3&#8243; shift_y=&#8221;-3&#8243; shift_y_fixed=&#8221;yes&#8221; z_index=&#8221;0&#8243; el_class=&#8221;titre&#8221;][vc_column_inner column_width_percent=&#8221;100&#8243; align_horizontal=&#8221;align_right&#8221; gutter_size=&#8221;3&#8243; override_padding=&#8221;yes&#8221; column_padding=&#8221;0&#8243; overlay_alpha=&#8221;50&#8243; shift_x=&#8221;0&#8243; shift_y=&#8221;0&#8243; shift_y_down=&#8221;0&#8243; z_index=&#8221;0&#8243; align_medium=&#8221;align_center_tablet&#8221; medium_width=&#8221;0&#8243; align_mobile=&#8221;align_center_mobile&#8221; mobile_width=&#8221;0&#8243; width=&#8221;1\/2&#8243;][vc_custom_heading heading_semantic=&#8221;h3&#8243; text_font=&#8221;font-206695&#8243; text_weight=&#8221;400&#8243; text_color=&#8221;color-jevc&#8221;]The links[\/vc_custom_heading][\/vc_column_inner][vc_column_inner column_width_percent=&#8221;100&#8243; align_horizontal=&#8221;align_center&#8221; gutter_size=&#8221;3&#8243; override_padding=&#8221;yes&#8221; column_padding=&#8221;0&#8243; overlay_alpha=&#8221;50&#8243; shift_x=&#8221;0&#8243; shift_y=&#8221;0&#8243; shift_y_down=&#8221;0&#8243; z_index=&#8221;0&#8243; medium_visibility=&#8221;yes&#8221; medium_width=&#8221;7&#8243; mobile_visibility=&#8221;yes&#8221; mobile_width=&#8221;0&#8243; width=&#8221;1\/2&#8243;][\/vc_column_inner][\/vc_row_inner][vc_row_inner][vc_column_inner width=&#8221;1\/2&#8243;][vc_column_text el_class=&#8221;zindex&#8221;]<a href=\"http:\/\/fr-fr.facebook.com\/pages\/Compagnie-larbre-a-vache\" target=\"_blank\" rel=\"noopener noreferrer\">L&#8217;Arbre \u00e0 Vache on Facebook<\/a><br \/>\nFacebook page<\/p>\n<p><a href=\"http:\/\/www.lesgums.com\/\" target=\"_blank\" rel=\"noopener noreferrer\">Les G\u00fcms Company<\/a><br \/>\nClown<\/p>\n<p><a href=\"http:\/\/www.claireducreux.com\" target=\"_blank\" rel=\"noopener noreferrer\">Claire Ducreux<\/a><br \/>\nDanse<\/p>\n<p><a href=\"http:\/\/www.graphikarbre.com\" target=\"_blank\" rel=\"noopener noreferrer\">Graphikarbre Studio<\/a><br \/>\nRomain Faugeron Webmaster Infographist[\/vc_column_text][\/vc_column_inner][vc_column_inner width=&#8221;1\/2&#8243;][vc_column_text]<a href=\"http:\/\/compagniemmm.jimdo.com\/\" target=\"_blank\" rel=\"noopener noreferrer\">Compagnie Mmm<\/a><br \/>\nFrench theater company<\/p>\n<p><a href=\"http:\/\/www.kiroul.net\" target=\"_blank\" rel=\"noopener noreferrer\">Cie Kiroul<\/a><br \/>\nClown<\/p>\n<p><a href=\"https:\/\/eliseob.wixsite.com\/artdelachute\" target=\"_blank\" rel=\"noopener noreferrer\">Elise Ouvrier Buffet<\/a><br \/>\nSlapstick<\/p>\n<p><a href=\"http:\/\/www.lesvraismajors.be\/\" target=\"_blank\" rel=\"noopener noreferrer\">Les vrais majors<\/a><br \/>\nBelgium Theater Company<\/p>\n<p><a href=\"http:\/\/monsieurpif.com\/saadikh\" target=\"_blank\" rel=\"noopener noreferrer\">Monsieur Pif &#8211; clown<\/a><br \/>\nClown Fakir[\/vc_column_text][\/vc_column_inner][\/vc_row_inner][vc_column_text css_animation=&#8221;alpha-anim&#8221; animation_speed=&#8221;200&#8243; animation_delay=&#8221;200&#8243; el_class=&#8221;tache tache1&#8243;]<img decoding=\"async\" class=\"alignnone size-full wp-image-124\" src=\"https:\/\/www.cielarbreavache.com\/wp-content\/uploads\/2018\/06\/taches7.png\" alt=\"arbre \u00e0 vache\" width=\"287\" height=\"185\" \/>[\/vc_column_text][\/vc_column][\/vc_row]<\/p>\n","protected":false},"excerpt":{"rendered":"<p>[vc_row][vc_column width=&#8221;1\/1&#8243;][vc_empty_space empty_h=&#8221;2&#8243;][\/vc_column][\/vc_row][vc_row unlock_row=&#8221;&#8221; row_height_percent=&#8221;0&#8243; back_color=&#8221;color-xsdn&#8221; overlay_alpha=&#8221;50&#8243; gutter_size=&#8221;3&#8243; column_width_percent=&#8221;100&#8243; shift_y=&#8221;0&#8243; z_index=&#8221;0&#8243;][vc_column width=&#8221;1\/1&#8243;][vc_row_inner row_inner_height_percent=&#8221;0&#8243; overlay_alpha=&#8221;50&#8243; gutter_size=&#8221;3&#8243; shift_y=&#8221;-3&#8243; shift_y_fixed=&#8221;yes&#8221; z_index=&#8221;0&#8243; el_class=&#8221;titre&#8221;][vc_column_inner column_width_percent=&#8221;100&#8243; [&hellip;]<\/p>\n","protected":false},"author":2,"featured_media":0,"parent":0,"menu_order":6,"comment_status":"closed","ping_status":"closed","template":"","meta":[],"yoast_head":"<!-- This site is optimized with the Yoast SEO plugin v20.2 - https:\/\/yoast.com\/wordpress\/plugins\/seo\/ -->\n<title>Contac the compagny L&#039;Arbre \u00e0 vache<\/title>\n<meta name=\"description\" content=\"Une question ? Besoin d&#039;un renseignement ? N&#039;h\u00e9sitez pas \u00e0 nous contacter !\" \/>\n<meta name=\"robots\" content=\"index, follow, max-snippet:-1, max-image-preview:large, max-video-preview:-1\" \/>\n<link rel=\"canonical\" href=\"https:\/\/www.cielarbreavache.com\/en\/contact\/\" \/>\n<meta property=\"og:locale\" content=\"en_US\" \/>\n<meta property=\"og:type\" content=\"article\" \/>\n<meta property=\"og:title\" content=\"Contac the compagny L&#039;Arbre \u00e0 vache\" \/>\n<meta property=\"og:description\" content=\"Une question ? Besoin d&#039;un renseignement ? N&#039;h\u00e9sitez pas \u00e0 nous contacter !\" \/>\n<meta property=\"og:url\" content=\"https:\/\/www.cielarbreavache.com\/en\/contact\/\" \/>\n<meta property=\"og:site_name\" content=\"L&#039;Arbre \u00e0 vache - Compagnie th\u00e9\u00e2tre\" \/>\n<meta property=\"article:publisher\" content=\"https:\/\/www.facebook.com\/Compagnie-lArbre-%c3%a0-Vache-38569513095\/\" \/>\n<meta property=\"article:modified_time\" content=\"2020-02-11T07:24:06+00:00\" \/>\n<meta property=\"og:image\" content=\"https:\/\/www.cielarbreavache.com\/wp-content\/uploads\/2018\/06\/taches4.png\" \/>\n<meta name=\"twitter:card\" content=\"summary_large_image\" \/>\n<meta name=\"twitter:label1\" content=\"Est. reading time\" \/>\n\t<meta name=\"twitter:data1\" content=\"3 minutes\" \/>\n<script type=\"application\/ld+json\" class=\"yoast-schema-graph\">{\"@context\":\"https:\/\/schema.org\",\"@graph\":[{\"@type\":\"WebPage\",\"@id\":\"https:\/\/www.cielarbreavache.com\/en\/contact\/\",\"url\":\"https:\/\/www.cielarbreavache.com\/en\/contact\/\",\"name\":\"Contac the compagny L'Arbre \u00e0 vache\",\"isPartOf\":{\"@id\":\"https:\/\/www.cielarbreavache.com\/#website\"},\"datePublished\":\"2020-01-27T15:53:46+00:00\",\"dateModified\":\"2020-02-11T07:24:06+00:00\",\"description\":\"Une question ? Besoin d'un renseignement ? N'h\u00e9sitez pas \u00e0 nous contacter !\",\"breadcrumb\":{\"@id\":\"https:\/\/www.cielarbreavache.com\/en\/contact\/#breadcrumb\"},\"inLanguage\":\"en-US\",\"potentialAction\":[{\"@type\":\"ReadAction\",\"target\":[\"https:\/\/www.cielarbreavache.com\/en\/contact\/\"]}]},{\"@type\":\"BreadcrumbList\",\"@id\":\"https:\/\/www.cielarbreavache.com\/en\/contact\/#breadcrumb\",\"itemListElement\":[{\"@type\":\"ListItem\",\"position\":1,\"name\":\"Accueil\",\"item\":\"https:\/\/www.cielarbreavache.com\/en\/\"},{\"@type\":\"ListItem\",\"position\":2,\"name\":\"Contact\"}]},{\"@type\":\"WebSite\",\"@id\":\"https:\/\/www.cielarbreavache.com\/#website\",\"url\":\"https:\/\/www.cielarbreavache.com\/\",\"name\":\"L&#039;Arbre \u00e0 vache - Compagnie th\u00e9\u00e2tre\",\"description\":\"Spectacles vivants universels\",\"potentialAction\":[{\"@type\":\"SearchAction\",\"target\":{\"@type\":\"EntryPoint\",\"urlTemplate\":\"https:\/\/www.cielarbreavache.com\/?s={search_term_string}\"},\"query-input\":\"required name=search_term_string\"}],\"inLanguage\":\"en-US\"}]}<\/script>\n<!-- \/ Yoast SEO plugin. -->","yoast_head_json":{"title":"Contac the compagny L'Arbre \u00e0 vache","description":"Une question ? Besoin d'un renseignement ? N'h\u00e9sitez pas \u00e0 nous contacter !","robots":{"index":"index","follow":"follow","max-snippet":"max-snippet:-1","max-image-preview":"max-image-preview:large","max-video-preview":"max-video-preview:-1"},"canonical":"https:\/\/www.cielarbreavache.com\/en\/contact\/","og_locale":"en_US","og_type":"article","og_title":"Contac the compagny L'Arbre \u00e0 vache","og_description":"Une question ? Besoin d'un renseignement ? N'h\u00e9sitez pas \u00e0 nous contacter !","og_url":"https:\/\/www.cielarbreavache.com\/en\/contact\/","og_site_name":"L&#039;Arbre \u00e0 vache - Compagnie th\u00e9\u00e2tre","article_publisher":"https:\/\/www.facebook.com\/Compagnie-lArbre-%c3%a0-Vache-38569513095\/","article_modified_time":"2020-02-11T07:24:06+00:00","og_image":[{"url":"https:\/\/www.cielarbreavache.com\/wp-content\/uploads\/2018\/06\/taches4.png"}],"twitter_card":"summary_large_image","twitter_misc":{"Est. reading time":"3 minutes"},"schema":{"@context":"https:\/\/schema.org","@graph":[{"@type":"WebPage","@id":"https:\/\/www.cielarbreavache.com\/en\/contact\/","url":"https:\/\/www.cielarbreavache.com\/en\/contact\/","name":"Contac the compagny L'Arbre \u00e0 vache","isPartOf":{"@id":"https:\/\/www.cielarbreavache.com\/#website"},"datePublished":"2020-01-27T15:53:46+00:00","dateModified":"2020-02-11T07:24:06+00:00","description":"Une question ? Besoin d'un renseignement ? N'h\u00e9sitez pas \u00e0 nous contacter !","breadcrumb":{"@id":"https:\/\/www.cielarbreavache.com\/en\/contact\/#breadcrumb"},"inLanguage":"en-US","potentialAction":[{"@type":"ReadAction","target":["https:\/\/www.cielarbreavache.com\/en\/contact\/"]}]},{"@type":"BreadcrumbList","@id":"https:\/\/www.cielarbreavache.com\/en\/contact\/#breadcrumb","itemListElement":[{"@type":"ListItem","position":1,"name":"Accueil","item":"https:\/\/www.cielarbreavache.com\/en\/"},{"@type":"ListItem","position":2,"name":"Contact"}]},{"@type":"WebSite","@id":"https:\/\/www.cielarbreavache.com\/#website","url":"https:\/\/www.cielarbreavache.com\/","name":"L&#039;Arbre \u00e0 vache - Compagnie th\u00e9\u00e2tre","description":"Spectacles vivants universels","potentialAction":[{"@type":"SearchAction","target":{"@type":"EntryPoint","urlTemplate":"https:\/\/www.cielarbreavache.com\/?s={search_term_string}"},"query-input":"required name=search_term_string"}],"inLanguage":"en-US"}]}},"_links":{"self":[{"href":"https:\/\/www.cielarbreavache.com\/en\/wp-json\/wp\/v2\/pages\/652"}],"collection":[{"href":"https:\/\/www.cielarbreavache.com\/en\/wp-json\/wp\/v2\/pages"}],"about":[{"href":"https:\/\/www.cielarbreavache.com\/en\/wp-json\/wp\/v2\/types\/page"}],"author":[{"embeddable":true,"href":"https:\/\/www.cielarbreavache.com\/en\/wp-json\/wp\/v2\/users\/2"}],"replies":[{"embeddable":true,"href":"https:\/\/www.cielarbreavache.com\/en\/wp-json\/wp\/v2\/comments?post=652"}],"version-history":[{"count":5,"href":"https:\/\/www.cielarbreavache.com\/en\/wp-json\/wp\/v2\/pages\/652\/revisions"}],"predecessor-version":[{"id":764,"href":"https:\/\/www.cielarbreavache.com\/en\/wp-json\/wp\/v2\/pages\/652\/revisions\/764"}],"wp:attachment":[{"href":"https:\/\/www.cielarbreavache.com\/en\/wp-json\/wp\/v2\/media?parent=652"}],"curies":[{"name":"wp","href":"https:\/\/api.w.org\/{rel}","templated":true}]}}