{"id":650,"date":"2020-01-27T16:52:34","date_gmt":"2020-01-27T15:52:34","guid":{"rendered":"https:\/\/www.cielarbreavache.com\/professionals\/"},"modified":"2023-07-06T16:51:02","modified_gmt":"2023-07-06T14:51:02","slug":"professionals","status":"publish","type":"page","link":"https:\/\/www.cielarbreavache.com\/en\/professionals\/","title":{"rendered":"Professionals"},"content":{"rendered":"<p>[vc_row][vc_column width=&#8221;1\/1&#8243;][vc_empty_space empty_h=&#8221;2&#8243;][\/vc_column][\/vc_row][vc_row unlock_row=&#8221;&#8221; row_height_percent=&#8221;0&#8243; back_color=&#8221;color-xsdn&#8221; overlay_alpha=&#8221;50&#8243; gutter_size=&#8221;3&#8243; column_width_percent=&#8221;100&#8243; shift_y=&#8221;0&#8243; z_index=&#8221;0&#8243;][vc_column width=&#8221;1\/1&#8243;][vc_row_inner row_inner_height_percent=&#8221;0&#8243; overlay_alpha=&#8221;50&#8243; gutter_size=&#8221;3&#8243; shift_y=&#8221;-3&#8243; shift_y_fixed=&#8221;yes&#8221; z_index=&#8221;0&#8243; el_class=&#8221;titre&#8221;][vc_column_inner column_width_percent=&#8221;100&#8243; align_horizontal=&#8221;align_center&#8221; gutter_size=&#8221;3&#8243; override_padding=&#8221;yes&#8221; column_padding=&#8221;0&#8243; overlay_alpha=&#8221;50&#8243; shift_x=&#8221;0&#8243; shift_y=&#8221;0&#8243; shift_y_down=&#8221;0&#8243; z_index=&#8221;0&#8243; align_medium=&#8221;align_center_tablet&#8221; medium_width=&#8221;0&#8243; align_mobile=&#8221;align_center_mobile&#8221; mobile_width=&#8221;0&#8243; width=&#8221;1\/2&#8243;][vc_custom_heading text_color=&#8221;color-jevc&#8221; heading_semantic=&#8221;h1&#8243; text_font=&#8221;font-153068&#8243; text_weight=&#8221;400&#8243;]<img decoding=\"async\" class=\"size-full wp-image-97 alignleft\" src=\"https:\/\/www.cielarbreavache.com\/wp-content\/uploads\/2018\/06\/taches4.png\" alt=\"arbre \u00e0 vache\" width=\"110\" height=\"84\" \/>\u00a0 Professionals[\/vc_custom_heading][\/vc_column_inner][vc_column_inner column_width_percent=&#8221;100&#8243; align_horizontal=&#8221;align_center&#8221; gutter_size=&#8221;3&#8243; override_padding=&#8221;yes&#8221; column_padding=&#8221;0&#8243; overlay_alpha=&#8221;50&#8243; shift_x=&#8221;0&#8243; shift_y=&#8221;0&#8243; shift_y_down=&#8221;0&#8243; z_index=&#8221;0&#8243; medium_visibility=&#8221;yes&#8221; medium_width=&#8221;7&#8243; mobile_visibility=&#8221;yes&#8221; mobile_width=&#8221;0&#8243; width=&#8221;1\/2&#8243;][\/vc_column_inner][\/vc_row_inner][vc_column_text css_animation=&#8221;alpha-anim&#8221; animation_speed=&#8221;200&#8243; animation_delay=&#8221;200&#8243; el_class=&#8221;tache tache3&#8243;]<img decoding=\"async\" class=\"alignnone size-medium wp-image-102\" src=\"https:\/\/www.cielarbreavache.com\/wp-content\/uploads\/2018\/06\/taches1-1-300x272.png\" alt=\"spectacles vivants universels\" width=\"300\" height=\"272\" srcset=\"https:\/\/www.cielarbreavache.com\/wp-content\/uploads\/2018\/06\/taches1-1-300x272.png 300w, https:\/\/www.cielarbreavache.com\/wp-content\/uploads\/2018\/06\/taches1-1.png 400w\" sizes=\"(max-width: 300px) 100vw, 300px\" \/>[\/vc_column_text][vc_row_inner row_inner_height_percent=&#8221;0&#8243; overlay_alpha=&#8221;50&#8243; equal_height=&#8221;yes&#8221; gutter_size=&#8221;3&#8243; shift_y=&#8221;0&#8243; z_index=&#8221;0&#8243;][vc_column_inner column_width_percent=&#8221;100&#8243; position_vertical=&#8221;middle&#8221; gutter_size=&#8221;3&#8243; overlay_alpha=&#8221;50&#8243; shift_x=&#8221;0&#8243; shift_y=&#8221;0&#8243; shift_y_down=&#8221;0&#8243; z_index=&#8221;0&#8243; medium_width=&#8221;0&#8243; mobile_width=&#8221;0&#8243; width=&#8221;1\/2&#8243;][vc_custom_heading text_font=&#8221;font-206695&#8243; text_size=&#8221;h3&#8243; text_weight=&#8221;400&#8243;]Find every downloadable documents:[\/vc_custom_heading][vc_column_text uncode_shortcode_id=&#8221;312613&#8243;]- <a href=\"https:\/\/www.youtube.com\/watch?v=bC-O0JhnPqA\" target=\"_blank\" rel=\"noopener\">Photos \u201cBob, deliveries of all kinds\u201d<\/a> (Youtube)<br \/>\n&#8211; <a href=\"https:\/\/www.cielarbreavache.com\/wp-content\/uploads\/2020\/02\/BOB.Technical.rider-Plane-English.2016.11-1.pdf\" target=\"_blank\" rel=\"noopener\">Bob Technical rider plane<\/a> (PDF)<br \/>\n&#8211; <a href=\"https:\/\/www.cielarbreavache.com\/wp-content\/uploads\/2023\/01\/dossierBob2023_US_web.pdf\">Bob, deliveries of all kinds Presentation<\/a>\u00a0(PDF)<\/p>\n<p>&#8211; <a href=\"https:\/\/www.cielarbreavache.com\/wp-content\/uploads\/2023\/07\/dossierPoiseau2023_US_web2.pdf\">M &amp; Mrs Poiseau Presentation<\/a>\u00a0(PDF)<br \/>\n&#8211; <a href=\"https:\/\/www.cielarbreavache.com\/wp-content\/uploads\/2020\/02\/M-Mme-POISEAU-Technical-rider-2014-Cie-LArbre-a%CC%80-Vache.pdf\" target=\"_blank\" rel=\"noopener\">M &amp; Mme POISEAU \u2013 Technical Rider<\/a> (PDF)<\/p>\n<p>&#8211; <a href=\"https:\/\/www.cielarbreavache.com\/wp-content\/uploads\/2022\/06\/persil_plaquetteUS_web2022c.pdf\">Goodbye Persil Presentation<\/a>&#8221; (PDF)<br \/>\n&#8211; <a href=\"https:\/\/www.cielarbreavache.com\/wp-content\/uploads\/2023\/03\/Goodbye-Persil-TECHNICAL-RIDER-2023-03-13-1.pdf\">Goodbye Persil \u2013 Technical rider<\/a> (PDF)[\/vc_column_text][\/vc_column_inner][vc_column_inner column_width_percent=&#8221;100&#8243; position_vertical=&#8221;middle&#8221; gutter_size=&#8221;3&#8243; back_color=&#8221;color-wayh&#8221; overlay_alpha=&#8221;50&#8243; shift_x=&#8221;0&#8243; shift_y=&#8221;0&#8243; shift_y_down=&#8221;0&#8243; z_index=&#8221;0&#8243; medium_width=&#8221;0&#8243; mobile_width=&#8221;0&#8243; width=&#8221;1\/2&#8243;][uncode_block id=&#8221;277&#8243; inside_column=&#8221;yes&#8221;][\/vc_column_inner][\/vc_row_inner][\/vc_column][\/vc_row]<\/p>\n","protected":false},"excerpt":{"rendered":"<p>[vc_row][vc_column width=&#8221;1\/1&#8243;][vc_empty_space empty_h=&#8221;2&#8243;][\/vc_column][\/vc_row][vc_row unlock_row=&#8221;&#8221; row_height_percent=&#8221;0&#8243; back_color=&#8221;color-xsdn&#8221; overlay_alpha=&#8221;50&#8243; gutter_size=&#8221;3&#8243; column_width_percent=&#8221;100&#8243; shift_y=&#8221;0&#8243; z_index=&#8221;0&#8243;][vc_column width=&#8221;1\/1&#8243;][vc_row_inner row_inner_height_percent=&#8221;0&#8243; overlay_alpha=&#8221;50&#8243; gutter_size=&#8221;3&#8243; shift_y=&#8221;-3&#8243; shift_y_fixed=&#8221;yes&#8221; z_index=&#8221;0&#8243; el_class=&#8221;titre&#8221;][vc_column_inner column_width_percent=&#8221;100&#8243; [&hellip;]<\/p>\n","protected":false},"author":2,"featured_media":0,"parent":0,"menu_order":5,"comment_status":"closed","ping_status":"closed","template":"","meta":[],"yoast_head":"<!-- This site is optimized with the Yoast SEO plugin v20.2 - https:\/\/yoast.com\/wordpress\/plugins\/seo\/ -->\n<title>Professionals - L&#039;Arbre \u00e0 vache - Compagnie th\u00e9\u00e2tre<\/title>\n<meta name=\"description\" content=\"Chers professionnels, toutes les ressources t\u00e9l\u00e9chargeables concernant notre compagnie et nos spectacles se trouvent ici, ainsi que nos contacts.\" \/>\n<meta name=\"robots\" content=\"index, follow, max-snippet:-1, max-image-preview:large, max-video-preview:-1\" \/>\n<link rel=\"canonical\" href=\"https:\/\/www.cielarbreavache.com\/pour-les-pros\/\" \/>\n<meta property=\"og:locale\" content=\"en_US\" \/>\n<meta property=\"og:type\" content=\"article\" \/>\n<meta property=\"og:title\" content=\"Professionals - L&#039;Arbre \u00e0 vache - Compagnie th\u00e9\u00e2tre\" \/>\n<meta property=\"og:description\" content=\"Chers professionnels, toutes les ressources t\u00e9l\u00e9chargeables concernant notre compagnie et nos spectacles se trouvent ici, ainsi que nos contacts.\" \/>\n<meta property=\"og:url\" content=\"https:\/\/www.cielarbreavache.com\/pour-les-pros\/\" \/>\n<meta property=\"og:site_name\" content=\"L&#039;Arbre \u00e0 vache - Compagnie th\u00e9\u00e2tre\" \/>\n<meta property=\"article:publisher\" content=\"https:\/\/www.facebook.com\/Compagnie-lArbre-%c3%a0-Vache-38569513095\/\" \/>\n<meta property=\"article:modified_time\" content=\"2023-07-06T14:51:02+00:00\" \/>\n<meta property=\"og:image\" content=\"https:\/\/www.cielarbreavache.com\/wp-content\/uploads\/2018\/06\/compagnie-theatre-bob7.jpg\" \/>\n\t<meta property=\"og:image:width\" content=\"1625\" \/>\n\t<meta property=\"og:image:height\" content=\"779\" \/>\n\t<meta property=\"og:image:type\" content=\"image\/jpeg\" \/>\n<meta name=\"twitter:card\" content=\"summary_large_image\" \/>\n<meta name=\"twitter:label1\" content=\"Est. reading time\" \/>\n\t<meta name=\"twitter:data1\" content=\"2 minutes\" \/>\n<script type=\"application\/ld+json\" class=\"yoast-schema-graph\">{\"@context\":\"https:\/\/schema.org\",\"@graph\":[{\"@type\":\"WebPage\",\"@id\":\"https:\/\/www.cielarbreavache.com\/pour-les-pros\/\",\"url\":\"https:\/\/www.cielarbreavache.com\/pour-les-pros\/\",\"name\":\"Professionals - L'Arbre \u00e0 vache - Compagnie th\u00e9\u00e2tre\",\"isPartOf\":{\"@id\":\"https:\/\/www.cielarbreavache.com\/#website\"},\"datePublished\":\"2020-01-27T15:52:34+00:00\",\"dateModified\":\"2023-07-06T14:51:02+00:00\",\"description\":\"Chers professionnels, toutes les ressources t\u00e9l\u00e9chargeables concernant notre compagnie et nos spectacles se trouvent ici, ainsi que nos contacts.\",\"breadcrumb\":{\"@id\":\"https:\/\/www.cielarbreavache.com\/pour-les-pros\/#breadcrumb\"},\"inLanguage\":\"en-US\",\"potentialAction\":[{\"@type\":\"ReadAction\",\"target\":[\"https:\/\/www.cielarbreavache.com\/pour-les-pros\/\"]}]},{\"@type\":\"BreadcrumbList\",\"@id\":\"https:\/\/www.cielarbreavache.com\/pour-les-pros\/#breadcrumb\",\"itemListElement\":[{\"@type\":\"ListItem\",\"position\":1,\"name\":\"Accueil\",\"item\":\"https:\/\/www.cielarbreavache.com\/en\/\"},{\"@type\":\"ListItem\",\"position\":2,\"name\":\"Professionals\"}]},{\"@type\":\"WebSite\",\"@id\":\"https:\/\/www.cielarbreavache.com\/#website\",\"url\":\"https:\/\/www.cielarbreavache.com\/\",\"name\":\"L&#039;Arbre \u00e0 vache - Compagnie th\u00e9\u00e2tre\",\"description\":\"Spectacles vivants universels\",\"potentialAction\":[{\"@type\":\"SearchAction\",\"target\":{\"@type\":\"EntryPoint\",\"urlTemplate\":\"https:\/\/www.cielarbreavache.com\/?s={search_term_string}\"},\"query-input\":\"required name=search_term_string\"}],\"inLanguage\":\"en-US\"}]}<\/script>\n<!-- \/ Yoast SEO plugin. -->","yoast_head_json":{"title":"Professionals - L'Arbre \u00e0 vache - Compagnie th\u00e9\u00e2tre","description":"Chers professionnels, toutes les ressources t\u00e9l\u00e9chargeables concernant notre compagnie et nos spectacles se trouvent ici, ainsi que nos contacts.","robots":{"index":"index","follow":"follow","max-snippet":"max-snippet:-1","max-image-preview":"max-image-preview:large","max-video-preview":"max-video-preview:-1"},"canonical":"https:\/\/www.cielarbreavache.com\/pour-les-pros\/","og_locale":"en_US","og_type":"article","og_title":"Professionals - L'Arbre \u00e0 vache - Compagnie th\u00e9\u00e2tre","og_description":"Chers professionnels, toutes les ressources t\u00e9l\u00e9chargeables concernant notre compagnie et nos spectacles se trouvent ici, ainsi que nos contacts.","og_url":"https:\/\/www.cielarbreavache.com\/pour-les-pros\/","og_site_name":"L&#039;Arbre \u00e0 vache - Compagnie th\u00e9\u00e2tre","article_publisher":"https:\/\/www.facebook.com\/Compagnie-lArbre-%c3%a0-Vache-38569513095\/","article_modified_time":"2023-07-06T14:51:02+00:00","og_image":[{"width":1625,"height":779,"url":"https:\/\/www.cielarbreavache.com\/wp-content\/uploads\/2018\/06\/compagnie-theatre-bob7.jpg","type":"image\/jpeg"}],"twitter_card":"summary_large_image","twitter_misc":{"Est. reading time":"2 minutes"},"schema":{"@context":"https:\/\/schema.org","@graph":[{"@type":"WebPage","@id":"https:\/\/www.cielarbreavache.com\/pour-les-pros\/","url":"https:\/\/www.cielarbreavache.com\/pour-les-pros\/","name":"Professionals - L'Arbre \u00e0 vache - Compagnie th\u00e9\u00e2tre","isPartOf":{"@id":"https:\/\/www.cielarbreavache.com\/#website"},"datePublished":"2020-01-27T15:52:34+00:00","dateModified":"2023-07-06T14:51:02+00:00","description":"Chers professionnels, toutes les ressources t\u00e9l\u00e9chargeables concernant notre compagnie et nos spectacles se trouvent ici, ainsi que nos contacts.","breadcrumb":{"@id":"https:\/\/www.cielarbreavache.com\/pour-les-pros\/#breadcrumb"},"inLanguage":"en-US","potentialAction":[{"@type":"ReadAction","target":["https:\/\/www.cielarbreavache.com\/pour-les-pros\/"]}]},{"@type":"BreadcrumbList","@id":"https:\/\/www.cielarbreavache.com\/pour-les-pros\/#breadcrumb","itemListElement":[{"@type":"ListItem","position":1,"name":"Accueil","item":"https:\/\/www.cielarbreavache.com\/en\/"},{"@type":"ListItem","position":2,"name":"Professionals"}]},{"@type":"WebSite","@id":"https:\/\/www.cielarbreavache.com\/#website","url":"https:\/\/www.cielarbreavache.com\/","name":"L&#039;Arbre \u00e0 vache - Compagnie th\u00e9\u00e2tre","description":"Spectacles vivants universels","potentialAction":[{"@type":"SearchAction","target":{"@type":"EntryPoint","urlTemplate":"https:\/\/www.cielarbreavache.com\/?s={search_term_string}"},"query-input":"required name=search_term_string"}],"inLanguage":"en-US"}]}},"_links":{"self":[{"href":"https:\/\/www.cielarbreavache.com\/en\/wp-json\/wp\/v2\/pages\/650"}],"collection":[{"href":"https:\/\/www.cielarbreavache.com\/en\/wp-json\/wp\/v2\/pages"}],"about":[{"href":"https:\/\/www.cielarbreavache.com\/en\/wp-json\/wp\/v2\/types\/page"}],"author":[{"embeddable":true,"href":"https:\/\/www.cielarbreavache.com\/en\/wp-json\/wp\/v2\/users\/2"}],"replies":[{"embeddable":true,"href":"https:\/\/www.cielarbreavache.com\/en\/wp-json\/wp\/v2\/comments?post=650"}],"version-history":[{"count":20,"href":"https:\/\/www.cielarbreavache.com\/en\/wp-json\/wp\/v2\/pages\/650\/revisions"}],"predecessor-version":[{"id":1616,"href":"https:\/\/www.cielarbreavache.com\/en\/wp-json\/wp\/v2\/pages\/650\/revisions\/1616"}],"wp:attachment":[{"href":"https:\/\/www.cielarbreavache.com\/en\/wp-json\/wp\/v2\/media?parent=650"}],"curies":[{"name":"wp","href":"https:\/\/api.w.org\/{rel}","templated":true}]}}