{"id":648,"date":"2020-01-27T16:25:59","date_gmt":"2020-01-27T15:25:59","guid":{"rendered":"https:\/\/www.cielarbreavache.com\/spectacles\/"},"modified":"2022-03-10T12:01:53","modified_gmt":"2022-03-10T11:01:53","slug":"shows","status":"publish","type":"page","link":"https:\/\/www.cielarbreavache.com\/en\/shows\/","title":{"rendered":"Shows"},"content":{"rendered":"<p>[vc_row][vc_column width=&#8221;1\/2&#8243;][vc_single_image media=&#8221;62&#8243; media_width_percent=&#8221;100&#8243; alignment=&#8221;center&#8221; advanced=&#8221;yes&#8221; media_overlay_color=&#8221;color-prif&#8221; media_overlay_opacity=&#8221;50&#8243; media_padding=&#8221;2&#8243; css_animation=&#8221;top-t-bottom&#8221; media_link=&#8221;url:https%3A%2F%2Fwww.cielarbreavache.com%2Fspectacles%2Fbob-transports-en-tout-genre%2F|||&#8221;][vc_row_inner row_inner_height_percent=&#8221;0&#8243; overlay_alpha=&#8221;50&#8243; gutter_size=&#8221;3&#8243; shift_y=&#8221;-3&#8243; z_index=&#8221;10&#8243; css=&#8221;.vc_custom_1529600527401{margin-top: 0px !important;}&#8221; limit_content=&#8221;&#8221;][vc_column_inner column_width_percent=&#8221;100&#8243; align_horizontal=&#8221;align_center&#8221; gutter_size=&#8221;3&#8243; overlay_alpha=&#8221;50&#8243; shift_x=&#8221;0&#8243; shift_y=&#8221;-3&#8243; shift_y_down=&#8221;0&#8243; z_index=&#8221;0&#8243; medium_visibility=&#8221;yes&#8221; medium_width=&#8221;0&#8243; mobile_visibility=&#8221;yes&#8221; mobile_width=&#8221;0&#8243; width=&#8221;1\/12&#8243;][\/vc_column_inner][vc_column_inner column_width_percent=&#8221;100&#8243; align_horizontal=&#8221;align_center&#8221; gutter_size=&#8221;3&#8243; back_color=&#8221;color-xsdn&#8221; overlay_alpha=&#8221;50&#8243; shift_x=&#8221;0&#8243; shift_y=&#8221;0&#8243; shift_y_down=&#8221;0&#8243; z_index=&#8221;0&#8243; medium_width=&#8221;0&#8243; mobile_width=&#8221;0&#8243; css_animation=&#8221;bottom-t-top&#8221; width=&#8221;10\/12&#8243; link_to=&#8221;url:https%3A%2F%2Fwww.cielarbreavache.com%2Fspectacles%2Fbob-transports-en-tout-genre%2F|||&#8221;][vc_custom_heading text_font=&#8221;font-206695&#8243; text_size=&#8221;h4&#8243; text_weight=&#8221;400&#8243;]Bob, Delivery of All Kinds[\/vc_custom_heading][\/vc_column_inner][vc_column_inner column_width_percent=&#8221;100&#8243; gutter_size=&#8221;3&#8243; overlay_alpha=&#8221;50&#8243; shift_x=&#8221;0&#8243; shift_y=&#8221;0&#8243; shift_y_down=&#8221;0&#8243; z_index=&#8221;0&#8243; medium_visibility=&#8221;yes&#8221; medium_width=&#8221;0&#8243; mobile_visibility=&#8221;yes&#8221; mobile_width=&#8221;0&#8243; width=&#8221;1\/12&#8243;][\/vc_column_inner][\/vc_row_inner][\/vc_column][vc_column width=&#8221;1\/2&#8243;][vc_single_image media=&#8221;67&#8243; media_width_percent=&#8221;100&#8243; alignment=&#8221;center&#8221; advanced=&#8221;yes&#8221; media_overlay_color=&#8221;color-prif&#8221; media_overlay_opacity=&#8221;50&#8243; media_padding=&#8221;2&#8243; css_animation=&#8221;top-t-bottom&#8221; media_link=&#8221;url:https%3A%2F%2Fwww.cielarbreavache.com%2Fspectacles%2Fgoodbye-persil%2F|||&#8221;][vc_row_inner row_inner_height_percent=&#8221;0&#8243; overlay_alpha=&#8221;50&#8243; gutter_size=&#8221;3&#8243; shift_y=&#8221;-3&#8243; z_index=&#8221;10&#8243; css=&#8221;.vc_custom_1529600527401{margin-top: 0px !important;}&#8221; limit_content=&#8221;&#8221;][vc_column_inner column_width_percent=&#8221;100&#8243; align_horizontal=&#8221;align_center&#8221; gutter_size=&#8221;3&#8243; overlay_alpha=&#8221;50&#8243; shift_x=&#8221;0&#8243; shift_y=&#8221;-3&#8243; shift_y_down=&#8221;0&#8243; z_index=&#8221;0&#8243; medium_visibility=&#8221;yes&#8221; medium_width=&#8221;0&#8243; mobile_visibility=&#8221;yes&#8221; mobile_width=&#8221;0&#8243; width=&#8221;1\/12&#8243;][\/vc_column_inner][vc_column_inner column_width_percent=&#8221;100&#8243; align_horizontal=&#8221;align_center&#8221; gutter_size=&#8221;3&#8243; back_color=&#8221;color-xsdn&#8221; overlay_alpha=&#8221;50&#8243; shift_x=&#8221;0&#8243; shift_y=&#8221;0&#8243; shift_y_down=&#8221;0&#8243; z_index=&#8221;0&#8243; medium_width=&#8221;0&#8243; mobile_width=&#8221;0&#8243; css_animation=&#8221;bottom-t-top&#8221; width=&#8221;10\/12&#8243; link_to=&#8221;url:https%3A%2F%2Fwww.cielarbreavache.com%2Fspectacles%2Fgoodbye-persil%2F|||&#8221;][vc_custom_heading text_font=&#8221;font-206695&#8243; text_size=&#8221;h4&#8243; text_weight=&#8221;400&#8243;]Goodbye Persil[\/vc_custom_heading][\/vc_column_inner][vc_column_inner column_width_percent=&#8221;100&#8243; gutter_size=&#8221;3&#8243; overlay_alpha=&#8221;50&#8243; shift_x=&#8221;0&#8243; shift_y=&#8221;0&#8243; shift_y_down=&#8221;0&#8243; z_index=&#8221;0&#8243; medium_visibility=&#8221;yes&#8221; medium_width=&#8221;0&#8243; mobile_visibility=&#8221;yes&#8221; mobile_width=&#8221;0&#8243; width=&#8221;1\/12&#8243;][\/vc_column_inner][\/vc_row_inner][vc_column_text css_animation=&#8221;alpha-anim&#8221; animation_speed=&#8221;100&#8243; animation_delay=&#8221;400&#8243; el_class=&#8221;tache tache3&#8243;]<img decoding=\"async\" class=\"alignnone size-full wp-image-98\" src=\"https:\/\/www.cielarbreavache.com\/wp-content\/uploads\/2018\/06\/taches3.png\" alt=\"arbre \u00e0 vache\" width=\"265\" height=\"299\" \/>[\/vc_column_text][\/vc_column][\/vc_row][vc_row][vc_column width=&#8221;1\/2&#8243;][vc_single_image media=&#8221;66&#8243; media_width_percent=&#8221;100&#8243; alignment=&#8221;center&#8221; advanced=&#8221;yes&#8221; media_overlay_color=&#8221;color-prif&#8221; media_overlay_opacity=&#8221;50&#8243; media_padding=&#8221;2&#8243; css_animation=&#8221;top-t-bottom&#8221; media_link=&#8221;url:https%3A%2F%2Fwww.cielarbreavache.com%2Fspectacles%2Fmr-et-mme-poiseau%2F|||&#8221;][vc_row_inner row_inner_height_percent=&#8221;0&#8243; overlay_alpha=&#8221;50&#8243; gutter_size=&#8221;3&#8243; shift_y=&#8221;-3&#8243; z_index=&#8221;10&#8243; css=&#8221;.vc_custom_1529600527401{margin-top: 0px !important;}&#8221; limit_content=&#8221;&#8221;][vc_column_inner column_width_percent=&#8221;100&#8243; align_horizontal=&#8221;align_center&#8221; gutter_size=&#8221;3&#8243; overlay_alpha=&#8221;50&#8243; shift_x=&#8221;0&#8243; shift_y=&#8221;-3&#8243; shift_y_down=&#8221;0&#8243; z_index=&#8221;0&#8243; medium_visibility=&#8221;yes&#8221; medium_width=&#8221;0&#8243; mobile_visibility=&#8221;yes&#8221; mobile_width=&#8221;0&#8243; width=&#8221;1\/12&#8243;][\/vc_column_inner][vc_column_inner column_width_percent=&#8221;100&#8243; align_horizontal=&#8221;align_center&#8221; gutter_size=&#8221;3&#8243; back_color=&#8221;color-xsdn&#8221; overlay_alpha=&#8221;50&#8243; shift_x=&#8221;0&#8243; shift_y=&#8221;0&#8243; shift_y_down=&#8221;0&#8243; z_index=&#8221;0&#8243; medium_width=&#8221;0&#8243; mobile_width=&#8221;0&#8243; css_animation=&#8221;bottom-t-top&#8221; width=&#8221;10\/12&#8243; link_to=&#8221;url:https%3A%2F%2Fwww.cielarbreavache.com%2Fspectacles%2Fmr-et-mme-poiseau%2F|||&#8221;][vc_custom_heading text_font=&#8221;font-206695&#8243; text_size=&#8221;h4&#8243; text_weight=&#8221;400&#8243;]Mr. &amp; Mrs. Poiseau[\/vc_custom_heading][\/vc_column_inner][vc_column_inner column_width_percent=&#8221;100&#8243; gutter_size=&#8221;3&#8243; overlay_alpha=&#8221;50&#8243; shift_x=&#8221;0&#8243; shift_y=&#8221;0&#8243; shift_y_down=&#8221;0&#8243; z_index=&#8221;0&#8243; medium_visibility=&#8221;yes&#8221; medium_width=&#8221;0&#8243; mobile_visibility=&#8221;yes&#8221; mobile_width=&#8221;0&#8243; width=&#8221;1\/12&#8243;][\/vc_column_inner][\/vc_row_inner][vc_column_text css_animation=&#8221;alpha-anim&#8221; animation_speed=&#8221;100&#8243; animation_delay=&#8221;800&#8243; el_class=&#8221;tache tache1&#8243;]<img decoding=\"async\" class=\"alignnone size-full wp-image-97\" src=\"https:\/\/www.cielarbreavache.com\/wp-content\/uploads\/2018\/06\/taches4.png\" alt=\"arbre \u00e0 vache\" width=\"110\" height=\"84\" \/>[\/vc_column_text][\/vc_column][vc_column width=&#8221;1\/2&#8243;][vc_single_image media=&#8221;65&#8243; media_width_percent=&#8221;100&#8243; alignment=&#8221;center&#8221; advanced=&#8221;yes&#8221; media_overlay_color=&#8221;color-prif&#8221; media_overlay_opacity=&#8221;50&#8243; media_padding=&#8221;2&#8243; css_animation=&#8221;top-t-bottom&#8221; media_link=&#8221;url:https%3A%2F%2Fwww.cielarbreavache.com%2Fspectacles%2Fmon-premier-voyage%2F|||&#8221;][vc_row_inner row_inner_height_percent=&#8221;0&#8243; overlay_alpha=&#8221;50&#8243; gutter_size=&#8221;3&#8243; shift_y=&#8221;-3&#8243; z_index=&#8221;10&#8243; css=&#8221;.vc_custom_1529600527401{margin-top: 0px !important;}&#8221; limit_content=&#8221;&#8221;][vc_column_inner column_width_percent=&#8221;100&#8243; align_horizontal=&#8221;align_center&#8221; gutter_size=&#8221;3&#8243; overlay_alpha=&#8221;50&#8243; shift_x=&#8221;0&#8243; shift_y=&#8221;-3&#8243; shift_y_down=&#8221;0&#8243; z_index=&#8221;0&#8243; medium_visibility=&#8221;yes&#8221; medium_width=&#8221;0&#8243; mobile_visibility=&#8221;yes&#8221; mobile_width=&#8221;0&#8243; width=&#8221;1\/12&#8243;][\/vc_column_inner][vc_column_inner column_width_percent=&#8221;100&#8243; align_horizontal=&#8221;align_center&#8221; gutter_size=&#8221;3&#8243; back_color=&#8221;color-xsdn&#8221; overlay_alpha=&#8221;50&#8243; shift_x=&#8221;0&#8243; shift_y=&#8221;0&#8243; shift_y_down=&#8221;0&#8243; z_index=&#8221;0&#8243; medium_width=&#8221;0&#8243; mobile_width=&#8221;0&#8243; css_animation=&#8221;bottom-t-top&#8221; width=&#8221;10\/12&#8243; link_to=&#8221;url:https%3A%2F%2Fwww.cielarbreavache.com%2Fspectacles%2Fmon-premier-voyage%2F|||&#8221;][vc_custom_heading text_font=&#8221;font-206695&#8243; text_size=&#8221;h4&#8243; text_weight=&#8221;400&#8243;]Anciens spectacles[\/vc_custom_heading][\/vc_column_inner][vc_column_inner column_width_percent=&#8221;100&#8243; gutter_size=&#8221;3&#8243; overlay_alpha=&#8221;50&#8243; shift_x=&#8221;0&#8243; shift_y=&#8221;0&#8243; shift_y_down=&#8221;0&#8243; z_index=&#8221;0&#8243; medium_visibility=&#8221;yes&#8221; medium_width=&#8221;0&#8243; mobile_visibility=&#8221;yes&#8221; mobile_width=&#8221;0&#8243; width=&#8221;1\/12&#8243;][\/vc_column_inner][\/vc_row_inner][\/vc_column][\/vc_row]<\/p>\n","protected":false},"excerpt":{"rendered":"<p>[vc_row][vc_column width=&#8221;1\/2&#8243;][vc_single_image media=&#8221;62&#8243; media_width_percent=&#8221;100&#8243; alignment=&#8221;center&#8221; advanced=&#8221;yes&#8221; media_overlay_color=&#8221;color-prif&#8221; media_overlay_opacity=&#8221;50&#8243; media_padding=&#8221;2&#8243; css_animation=&#8221;top-t-bottom&#8221; media_link=&#8221;url:https%3A%2F%2Fwww.cielarbreavache.com%2Fspectacles%2Fbob-transports-en-tout-genre%2F|||&#8221;][vc_row_inner row_inner_height_percent=&#8221;0&#8243; overlay_alpha=&#8221;50&#8243; gutter_size=&#8221;3&#8243; shift_y=&#8221;-3&#8243; z_index=&#8221;10&#8243; css=&#8221;.vc_custom_1529600527401{margin-top: 0px !important;}&#8221; limit_content=&#8221;&#8221;][vc_column_inner [&hellip;]<\/p>\n","protected":false},"author":2,"featured_media":0,"parent":0,"menu_order":3,"comment_status":"closed","ping_status":"closed","template":"","meta":[],"yoast_head":"<!-- This site is optimized with the Yoast SEO plugin v20.2 - https:\/\/yoast.com\/wordpress\/plugins\/seo\/ -->\n<title>D\u00e9couvrez ou red\u00e9couvrez les spectacles de L&#039;Arbre \u00e0 vache<\/title>\n<meta name=\"description\" content=\"D\u00e9couvrez les spectacles de la compagnie, des moments de convivialit\u00e9, d&#039;optimisme de rires et d&#039;\u00e9motions \u00e0 partager.\" \/>\n<meta name=\"robots\" content=\"index, follow, max-snippet:-1, max-image-preview:large, max-video-preview:-1\" \/>\n<link rel=\"canonical\" href=\"https:\/\/www.cielarbreavache.com\/spectacles\/\" \/>\n<meta property=\"og:locale\" content=\"en_US\" \/>\n<meta property=\"og:type\" content=\"article\" \/>\n<meta property=\"og:title\" content=\"D\u00e9couvrez ou red\u00e9couvrez les spectacles de L&#039;Arbre \u00e0 vache\" \/>\n<meta property=\"og:description\" content=\"D\u00e9couvrez les spectacles de la compagnie, des moments de convivialit\u00e9, d&#039;optimisme de rires et d&#039;\u00e9motions \u00e0 partager.\" \/>\n<meta property=\"og:url\" content=\"https:\/\/www.cielarbreavache.com\/spectacles\/\" \/>\n<meta property=\"og:site_name\" content=\"L&#039;Arbre \u00e0 vache - Compagnie th\u00e9\u00e2tre\" \/>\n<meta property=\"article:publisher\" content=\"https:\/\/www.facebook.com\/Compagnie-lArbre-%c3%a0-Vache-38569513095\/\" \/>\n<meta property=\"article:modified_time\" content=\"2022-03-10T11:01:53+00:00\" \/>\n<meta property=\"og:image\" content=\"https:\/\/www.cielarbreavache.com\/wp-content\/uploads\/2018\/06\/compagnie-theatre-bob4.jpg\" \/>\n\t<meta property=\"og:image:width\" content=\"1625\" \/>\n\t<meta property=\"og:image:height\" content=\"779\" \/>\n\t<meta property=\"og:image:type\" content=\"image\/jpeg\" \/>\n<meta name=\"twitter:card\" content=\"summary_large_image\" \/>\n<meta name=\"twitter:label1\" content=\"Est. reading time\" \/>\n\t<meta name=\"twitter:data1\" content=\"4 minutes\" \/>\n<script type=\"application\/ld+json\" class=\"yoast-schema-graph\">{\"@context\":\"https:\/\/schema.org\",\"@graph\":[{\"@type\":\"WebPage\",\"@id\":\"https:\/\/www.cielarbreavache.com\/spectacles\/\",\"url\":\"https:\/\/www.cielarbreavache.com\/spectacles\/\",\"name\":\"D\u00e9couvrez ou red\u00e9couvrez les spectacles de L'Arbre \u00e0 vache\",\"isPartOf\":{\"@id\":\"https:\/\/www.cielarbreavache.com\/#website\"},\"datePublished\":\"2020-01-27T15:25:59+00:00\",\"dateModified\":\"2022-03-10T11:01:53+00:00\",\"description\":\"D\u00e9couvrez les spectacles de la compagnie, des moments de convivialit\u00e9, d'optimisme de rires et d'\u00e9motions \u00e0 partager.\",\"breadcrumb\":{\"@id\":\"https:\/\/www.cielarbreavache.com\/spectacles\/#breadcrumb\"},\"inLanguage\":\"en-US\",\"potentialAction\":[{\"@type\":\"ReadAction\",\"target\":[\"https:\/\/www.cielarbreavache.com\/spectacles\/\"]}]},{\"@type\":\"BreadcrumbList\",\"@id\":\"https:\/\/www.cielarbreavache.com\/spectacles\/#breadcrumb\",\"itemListElement\":[{\"@type\":\"ListItem\",\"position\":1,\"name\":\"Accueil\",\"item\":\"https:\/\/www.cielarbreavache.com\/en\/\"},{\"@type\":\"ListItem\",\"position\":2,\"name\":\"Shows\"}]},{\"@type\":\"WebSite\",\"@id\":\"https:\/\/www.cielarbreavache.com\/#website\",\"url\":\"https:\/\/www.cielarbreavache.com\/\",\"name\":\"L&#039;Arbre \u00e0 vache - Compagnie th\u00e9\u00e2tre\",\"description\":\"Spectacles vivants universels\",\"potentialAction\":[{\"@type\":\"SearchAction\",\"target\":{\"@type\":\"EntryPoint\",\"urlTemplate\":\"https:\/\/www.cielarbreavache.com\/?s={search_term_string}\"},\"query-input\":\"required name=search_term_string\"}],\"inLanguage\":\"en-US\"}]}<\/script>\n<!-- \/ Yoast SEO plugin. -->","yoast_head_json":{"title":"D\u00e9couvrez ou red\u00e9couvrez les spectacles de L'Arbre \u00e0 vache","description":"D\u00e9couvrez les spectacles de la compagnie, des moments de convivialit\u00e9, d'optimisme de rires et d'\u00e9motions \u00e0 partager.","robots":{"index":"index","follow":"follow","max-snippet":"max-snippet:-1","max-image-preview":"max-image-preview:large","max-video-preview":"max-video-preview:-1"},"canonical":"https:\/\/www.cielarbreavache.com\/spectacles\/","og_locale":"en_US","og_type":"article","og_title":"D\u00e9couvrez ou red\u00e9couvrez les spectacles de L'Arbre \u00e0 vache","og_description":"D\u00e9couvrez les spectacles de la compagnie, des moments de convivialit\u00e9, d'optimisme de rires et d'\u00e9motions \u00e0 partager.","og_url":"https:\/\/www.cielarbreavache.com\/spectacles\/","og_site_name":"L&#039;Arbre \u00e0 vache - Compagnie th\u00e9\u00e2tre","article_publisher":"https:\/\/www.facebook.com\/Compagnie-lArbre-%c3%a0-Vache-38569513095\/","article_modified_time":"2022-03-10T11:01:53+00:00","og_image":[{"width":1625,"height":779,"url":"https:\/\/www.cielarbreavache.com\/wp-content\/uploads\/2018\/06\/compagnie-theatre-bob4.jpg","type":"image\/jpeg"}],"twitter_card":"summary_large_image","twitter_misc":{"Est. reading time":"4 minutes"},"schema":{"@context":"https:\/\/schema.org","@graph":[{"@type":"WebPage","@id":"https:\/\/www.cielarbreavache.com\/spectacles\/","url":"https:\/\/www.cielarbreavache.com\/spectacles\/","name":"D\u00e9couvrez ou red\u00e9couvrez les spectacles de L'Arbre \u00e0 vache","isPartOf":{"@id":"https:\/\/www.cielarbreavache.com\/#website"},"datePublished":"2020-01-27T15:25:59+00:00","dateModified":"2022-03-10T11:01:53+00:00","description":"D\u00e9couvrez les spectacles de la compagnie, des moments de convivialit\u00e9, d'optimisme de rires et d'\u00e9motions \u00e0 partager.","breadcrumb":{"@id":"https:\/\/www.cielarbreavache.com\/spectacles\/#breadcrumb"},"inLanguage":"en-US","potentialAction":[{"@type":"ReadAction","target":["https:\/\/www.cielarbreavache.com\/spectacles\/"]}]},{"@type":"BreadcrumbList","@id":"https:\/\/www.cielarbreavache.com\/spectacles\/#breadcrumb","itemListElement":[{"@type":"ListItem","position":1,"name":"Accueil","item":"https:\/\/www.cielarbreavache.com\/en\/"},{"@type":"ListItem","position":2,"name":"Shows"}]},{"@type":"WebSite","@id":"https:\/\/www.cielarbreavache.com\/#website","url":"https:\/\/www.cielarbreavache.com\/","name":"L&#039;Arbre \u00e0 vache - Compagnie th\u00e9\u00e2tre","description":"Spectacles vivants universels","potentialAction":[{"@type":"SearchAction","target":{"@type":"EntryPoint","urlTemplate":"https:\/\/www.cielarbreavache.com\/?s={search_term_string}"},"query-input":"required name=search_term_string"}],"inLanguage":"en-US"}]}},"_links":{"self":[{"href":"https:\/\/www.cielarbreavache.com\/en\/wp-json\/wp\/v2\/pages\/648"}],"collection":[{"href":"https:\/\/www.cielarbreavache.com\/en\/wp-json\/wp\/v2\/pages"}],"about":[{"href":"https:\/\/www.cielarbreavache.com\/en\/wp-json\/wp\/v2\/types\/page"}],"author":[{"embeddable":true,"href":"https:\/\/www.cielarbreavache.com\/en\/wp-json\/wp\/v2\/users\/2"}],"replies":[{"embeddable":true,"href":"https:\/\/www.cielarbreavache.com\/en\/wp-json\/wp\/v2\/comments?post=648"}],"version-history":[{"count":8,"href":"https:\/\/www.cielarbreavache.com\/en\/wp-json\/wp\/v2\/pages\/648\/revisions"}],"predecessor-version":[{"id":1063,"href":"https:\/\/www.cielarbreavache.com\/en\/wp-json\/wp\/v2\/pages\/648\/revisions\/1063"}],"wp:attachment":[{"href":"https:\/\/www.cielarbreavache.com\/en\/wp-json\/wp\/v2\/media?parent=648"}],"curies":[{"name":"wp","href":"https:\/\/api.w.org\/{rel}","templated":true}]}}